{"id":636,"date":"2023-02-15T06:53:59","date_gmt":"2023-02-15T06:53:59","guid":{"rendered":"https:\/\/humanpotential.fi\/?page_id=636"},"modified":"2023-03-22T13:18:03","modified_gmt":"2023-03-22T13:18:03","slug":"juri-haverinen","status":"publish","type":"page","link":"https:\/\/humanpotential.fi\/en\/juri-haverinen\/","title":{"rendered":"Juri Haverinen"},"content":{"rendered":"<div data-elementor-type=\"wp-page\" data-elementor-id=\"636\" class=\"elementor elementor-636\">\n\t\t\t\t\t\t<section class=\"elementor-section elementor-top-section elementor-element elementor-element-5bf7f8b elementor-section-height-full elementor-section-boxed elementor-section-height-default elementor-section-items-middle\" data-id=\"5bf7f8b\" data-element_type=\"section\" data-settings=\"{&quot;background_background&quot;:&quot;classic&quot;}\">\n\t\t\t\t\t\t\t<div class=\"elementor-background-overlay\"><\/div>\n\t\t\t\t\t\t\t<div class=\"elementor-container elementor-column-gap-default\">\n\t\t\t\t\t<div class=\"elementor-column elementor-col-100 elementor-top-column elementor-element elementor-element-8cf7c3b\" data-id=\"8cf7c3b\" data-element_type=\"column\">\n\t\t\t<div class=\"elementor-widget-wrap elementor-element-populated\">\n\t\t\t\t\t\t<div class=\"elementor-element elementor-element-12575c7 elementor-widget elementor-widget-heading\" data-id=\"12575c7\" data-element_type=\"widget\" data-widget_type=\"heading.default\">\n\t\t\t\t<div class=\"elementor-widget-container\">\n\t\t\t<style>\/*! elementor - v3.23.0 - 25-07-2024 *\/\n.elementor-heading-title{padding:0;margin:0;line-height:1}.elementor-widget-heading .elementor-heading-title[class*=elementor-size-]>a{color:inherit;font-size:inherit;line-height:inherit}.elementor-widget-heading .elementor-heading-title.elementor-size-small{font-size:15px}.elementor-widget-heading .elementor-heading-title.elementor-size-medium{font-size:19px}.elementor-widget-heading .elementor-heading-title.elementor-size-large{font-size:29px}.elementor-widget-heading .elementor-heading-title.elementor-size-xl{font-size:39px}.elementor-widget-heading .elementor-heading-title.elementor-size-xxl{font-size:59px}<\/style><h2 class=\"elementor-heading-title elementor-size-default\">JURI HAVERINEN<\/h2>\t\t<\/div>\n\t\t\t\t<\/div>\n\t\t\t\t<div class=\"elementor-element elementor-element-5ba1699 elementor-widget elementor-widget-heading\" data-id=\"5ba1699\" data-element_type=\"widget\" data-widget_type=\"heading.default\">\n\t\t\t\t<div class=\"elementor-widget-container\">\n\t\t\t<h2 class=\"elementor-heading-title elementor-size-default\">EXECUTIVE COACH<\/h2>\t\t<\/div>\n\t\t\t\t<\/div>\n\t\t\t\t\t<\/div>\n\t\t<\/div>\n\t\t\t\t\t<\/div>\n\t\t<\/section>\n\t\t\t\t<section class=\"elementor-section elementor-top-section elementor-element elementor-element-6d7bd20 elementor-section-boxed elementor-section-height-default elementor-section-height-default\" data-id=\"6d7bd20\" data-element_type=\"section\">\n\t\t\t\t\t\t<div class=\"elementor-container elementor-column-gap-default\">\n\t\t\t\t\t<div class=\"elementor-column elementor-col-100 elementor-top-column elementor-element elementor-element-1fde372\" data-id=\"1fde372\" data-element_type=\"column\">\n\t\t\t<div class=\"elementor-widget-wrap elementor-element-populated\">\n\t\t\t\t\t\t<div class=\"elementor-element elementor-element-bf2bc5c elementor-widget elementor-widget-text-editor\" data-id=\"bf2bc5c\" data-element_type=\"widget\" data-widget_type=\"text-editor.default\">\n\t\t\t\t<div class=\"elementor-widget-container\">\n\t\t\t<style>\/*! elementor - v3.23.0 - 25-07-2024 *\/\n.elementor-widget-text-editor.elementor-drop-cap-view-stacked .elementor-drop-cap{background-color:#69727d;color:#fff}.elementor-widget-text-editor.elementor-drop-cap-view-framed .elementor-drop-cap{color:#69727d;border:3px solid;background-color:transparent}.elementor-widget-text-editor:not(.elementor-drop-cap-view-default) .elementor-drop-cap{margin-top:8px}.elementor-widget-text-editor:not(.elementor-drop-cap-view-default) .elementor-drop-cap-letter{width:1em;height:1em}.elementor-widget-text-editor .elementor-drop-cap{float:left;text-align:center;line-height:1;font-size:50px}.elementor-widget-text-editor .elementor-drop-cap-letter{display:inline-block}<\/style>\t\t\t\t<p class=\"font_8\">I am an extrovert who enthuses and challenges people. I deem it important to be involved in meaningful matters. At times I find a little philosophy \u201cflaw\u201d in myself, because I enjoy finding a meaning, in-depth reflection of matters, and questioning to be the most important factors for development. There is reason to know the old traditional ways of working, but they can not be indefinitely relied upon. History and theory must be familiar but the result is determined by actions.<br \/><br \/>In my work with different people I have drawn greatly from such matters that can not be obtained merely by reading or studying. I feel very privileged to have known many different and amazing people throughout my life. During my work-life I have had  an officer\u2019s career (Major retired, 2006) and my current careers as Sales manager at Viafin Gas Oy and business coach at Ave Group Oy. I want to set rather challenging goals for myself both at work and in life in general. \u201cDream Big\u201d and a strong vision have brought me to my current situation.<br \/><br \/>In my opinion a person\u2019s well-being enables comprehensive development and thus reflects to the community in which he works. I want to apply this to my own life and offer it as an example for myself most of all. I do not believe that development takes place from the outside, given. Every one of us can find an enormous amount of resources that can be used to reach goals that also feel challenging. This spark must be brought forward and it must be supported. I feel it is important that I am able to be a benefit to my family, friends and people in my working environment- to think and work to benefit others.<br \/><br \/>My speciality is related to personnel development and leadership. I have personally sparred about 1900 people, carried out over 100 different customer coaching packages and a total of over 800 coaching days. In my work I have encountered and been able to impact roughly 3500 people. Clients have ranged from small businesses to listed companies, employees to companies\u2019 executive boards.The most important clients\u2019 sectors have been trade, industry, construction, education, social and health care, aviation and financial.<\/p>\t\t\t\t\t\t<\/div>\n\t\t\t\t<\/div>\n\t\t\t\t<div class=\"elementor-element elementor-element-2ac91d4 elementor-align-center elementor-widget elementor-widget-button\" data-id=\"2ac91d4\" data-element_type=\"widget\" data-widget_type=\"button.default\">\n\t\t\t\t<div class=\"elementor-widget-container\">\n\t\t\t\t\t<div class=\"elementor-button-wrapper\">\n\t\t\t<a class=\"elementor-button elementor-button-link elementor-size-sm elementor-animation-grow\" href=\"https:\/\/humanpotential.fi\/en\/ota-yhteytta\/\">\n\t\t\t\t\t\t<span class=\"elementor-button-content-wrapper\">\n\t\t\t\t\t\t\t\t\t<span class=\"elementor-button-text\">Contact us and ask how we can help you to success<\/span>\n\t\t\t\t\t<\/span>\n\t\t\t\t\t<\/a>\n\t\t<\/div>\n\t\t\t\t<\/div>\n\t\t\t\t<\/div>\n\t\t\t\t\t<\/div>\n\t\t<\/div>\n\t\t\t\t\t<\/div>\n\t\t<\/section>\n\t\t\t\t<section class=\"elementor-section elementor-top-section elementor-element elementor-element-ebf65c2 elementor-section-boxed elementor-section-height-default elementor-section-height-default\" data-id=\"ebf65c2\" data-element_type=\"section\" data-settings=\"{&quot;background_background&quot;:&quot;classic&quot;}\">\n\t\t\t\t\t\t<div class=\"elementor-container elementor-column-gap-default\">\n\t\t\t\t\t<div class=\"elementor-column elementor-col-50 elementor-top-column elementor-element elementor-element-06aabc7\" data-id=\"06aabc7\" data-element_type=\"column\">\n\t\t\t<div class=\"elementor-widget-wrap elementor-element-populated\">\n\t\t\t\t\t\t<div class=\"elementor-element elementor-element-62b77d1 elementor-widget elementor-widget-image\" data-id=\"62b77d1\" data-element_type=\"widget\" data-widget_type=\"image.default\">\n\t\t\t\t<div class=\"elementor-widget-container\">\n\t\t\t<style>\/*! elementor - v3.23.0 - 25-07-2024 *\/\n.elementor-widget-image{text-align:center}.elementor-widget-image a{display:inline-block}.elementor-widget-image a img[src$=\".svg\"]{width:48px}.elementor-widget-image img{vertical-align:middle;display:inline-block}<\/style>\t\t\t\t\t\t\t\t\t\t<img fetchpriority=\"high\" decoding=\"async\" width=\"287\" height=\"300\" src=\"https:\/\/humanpotential.fi\/wp-content\/uploads\/2023\/02\/Ave-Group-Oy-44531.jpg\" class=\"attachment-large size-large wp-image-459\" alt=\"\" \/>\t\t\t\t\t\t\t\t\t\t\t\t\t<\/div>\n\t\t\t\t<\/div>\n\t\t\t\t\t<\/div>\n\t\t<\/div>\n\t\t\t\t<div class=\"elementor-column elementor-col-50 elementor-top-column elementor-element elementor-element-16234ce\" data-id=\"16234ce\" data-element_type=\"column\">\n\t\t\t<div class=\"elementor-widget-wrap elementor-element-populated\">\n\t\t\t\t\t\t<div class=\"elementor-element elementor-element-df291b5 elementor-widget elementor-widget-heading\" data-id=\"df291b5\" data-element_type=\"widget\" data-widget_type=\"heading.default\">\n\t\t\t\t<div class=\"elementor-widget-container\">\n\t\t\t<h2 class=\"elementor-heading-title elementor-size-default\">Juri Haverinen<\/h2>\t\t<\/div>\n\t\t\t\t<\/div>\n\t\t\t\t<div class=\"elementor-element elementor-element-78cfff6 elementor-widget elementor-widget-heading\" data-id=\"78cfff6\" data-element_type=\"widget\" data-widget_type=\"heading.default\">\n\t\t\t\t<div class=\"elementor-widget-container\">\n\t\t\t<h2 class=\"elementor-heading-title elementor-size-default\">EXECUTIVE COACH\n\n\n<\/h2>\t\t<\/div>\n\t\t\t\t<\/div>\n\t\t\t\t<div class=\"elementor-element elementor-element-cea6e2d elementor-widget elementor-widget-text-editor\" data-id=\"cea6e2d\" data-element_type=\"widget\" data-widget_type=\"text-editor.default\">\n\t\t\t\t<div class=\"elementor-widget-container\">\n\t\t\t\t\t\t\t<p><span style=\"font-weight: 400;\">An excellent listener with a solution-oriented approach. <\/span><\/p><p><span style=\"font-weight: 400;\">Draws on his practical experience and is able to engage in in-depth philosophical discussions.<\/span><\/p><p><span style=\"font-weight: 400;\">juri.haverinen@avegroup.fi<\/span><\/p><p><span style=\"font-weight: 400;\">Tel. +358 40 542 8009<\/span><\/p>\t\t\t\t\t\t<\/div>\n\t\t\t\t<\/div>\n\t\t\t\t<div class=\"elementor-element elementor-element-b4d8ae0 e-grid-align-left e-grid-align-mobile-center elementor-shape-rounded elementor-grid-0 elementor-widget elementor-widget-social-icons\" data-id=\"b4d8ae0\" data-element_type=\"widget\" data-widget_type=\"social-icons.default\">\n\t\t\t\t<div class=\"elementor-widget-container\">\n\t\t\t<style>\/*! elementor - v3.23.0 - 25-07-2024 *\/\n.elementor-widget-social-icons.elementor-grid-0 .elementor-widget-container,.elementor-widget-social-icons.elementor-grid-mobile-0 .elementor-widget-container,.elementor-widget-social-icons.elementor-grid-tablet-0 .elementor-widget-container{line-height:1;font-size:0}.elementor-widget-social-icons:not(.elementor-grid-0):not(.elementor-grid-tablet-0):not(.elementor-grid-mobile-0) .elementor-grid{display:inline-grid}.elementor-widget-social-icons .elementor-grid{grid-column-gap:var(--grid-column-gap,5px);grid-row-gap:var(--grid-row-gap,5px);grid-template-columns:var(--grid-template-columns);justify-content:var(--justify-content,center);justify-items:var(--justify-content,center)}.elementor-icon.elementor-social-icon{font-size:var(--icon-size,25px);line-height:var(--icon-size,25px);width:calc(var(--icon-size, 25px) + 2 * var(--icon-padding, .5em));height:calc(var(--icon-size, 25px) + 2 * var(--icon-padding, .5em))}.elementor-social-icon{--e-social-icon-icon-color:#fff;display:inline-flex;background-color:#69727d;align-items:center;justify-content:center;text-align:center;cursor:pointer}.elementor-social-icon i{color:var(--e-social-icon-icon-color)}.elementor-social-icon svg{fill:var(--e-social-icon-icon-color)}.elementor-social-icon:last-child{margin:0}.elementor-social-icon:hover{opacity:.9;color:#fff}.elementor-social-icon-android{background-color:#a4c639}.elementor-social-icon-apple{background-color:#999}.elementor-social-icon-behance{background-color:#1769ff}.elementor-social-icon-bitbucket{background-color:#205081}.elementor-social-icon-codepen{background-color:#000}.elementor-social-icon-delicious{background-color:#39f}.elementor-social-icon-deviantart{background-color:#05cc47}.elementor-social-icon-digg{background-color:#005be2}.elementor-social-icon-dribbble{background-color:#ea4c89}.elementor-social-icon-elementor{background-color:#d30c5c}.elementor-social-icon-envelope{background-color:#ea4335}.elementor-social-icon-facebook,.elementor-social-icon-facebook-f{background-color:#3b5998}.elementor-social-icon-flickr{background-color:#0063dc}.elementor-social-icon-foursquare{background-color:#2d5be3}.elementor-social-icon-free-code-camp,.elementor-social-icon-freecodecamp{background-color:#006400}.elementor-social-icon-github{background-color:#333}.elementor-social-icon-gitlab{background-color:#e24329}.elementor-social-icon-globe{background-color:#69727d}.elementor-social-icon-google-plus,.elementor-social-icon-google-plus-g{background-color:#dd4b39}.elementor-social-icon-houzz{background-color:#7ac142}.elementor-social-icon-instagram{background-color:#262626}.elementor-social-icon-jsfiddle{background-color:#487aa2}.elementor-social-icon-link{background-color:#818a91}.elementor-social-icon-linkedin,.elementor-social-icon-linkedin-in{background-color:#0077b5}.elementor-social-icon-medium{background-color:#00ab6b}.elementor-social-icon-meetup{background-color:#ec1c40}.elementor-social-icon-mixcloud{background-color:#273a4b}.elementor-social-icon-odnoklassniki{background-color:#f4731c}.elementor-social-icon-pinterest{background-color:#bd081c}.elementor-social-icon-product-hunt{background-color:#da552f}.elementor-social-icon-reddit{background-color:#ff4500}.elementor-social-icon-rss{background-color:#f26522}.elementor-social-icon-shopping-cart{background-color:#4caf50}.elementor-social-icon-skype{background-color:#00aff0}.elementor-social-icon-slideshare{background-color:#0077b5}.elementor-social-icon-snapchat{background-color:#fffc00}.elementor-social-icon-soundcloud{background-color:#f80}.elementor-social-icon-spotify{background-color:#2ebd59}.elementor-social-icon-stack-overflow{background-color:#fe7a15}.elementor-social-icon-steam{background-color:#00adee}.elementor-social-icon-stumbleupon{background-color:#eb4924}.elementor-social-icon-telegram{background-color:#2ca5e0}.elementor-social-icon-threads{background-color:#000}.elementor-social-icon-thumb-tack{background-color:#1aa1d8}.elementor-social-icon-tripadvisor{background-color:#589442}.elementor-social-icon-tumblr{background-color:#35465c}.elementor-social-icon-twitch{background-color:#6441a5}.elementor-social-icon-twitter{background-color:#1da1f2}.elementor-social-icon-viber{background-color:#665cac}.elementor-social-icon-vimeo{background-color:#1ab7ea}.elementor-social-icon-vk{background-color:#45668e}.elementor-social-icon-weibo{background-color:#dd2430}.elementor-social-icon-weixin{background-color:#31a918}.elementor-social-icon-whatsapp{background-color:#25d366}.elementor-social-icon-wordpress{background-color:#21759b}.elementor-social-icon-x-twitter{background-color:#000}.elementor-social-icon-xing{background-color:#026466}.elementor-social-icon-yelp{background-color:#af0606}.elementor-social-icon-youtube{background-color:#cd201f}.elementor-social-icon-500px{background-color:#0099e5}.elementor-shape-rounded .elementor-icon.elementor-social-icon{border-radius:10%}.elementor-shape-circle .elementor-icon.elementor-social-icon{border-radius:50%}<\/style>\t\t<div class=\"elementor-social-icons-wrapper elementor-grid\">\n\t\t\t\t\t\t\t<span class=\"elementor-grid-item\">\n\t\t\t\t\t<a class=\"elementor-icon elementor-social-icon elementor-social-icon-linkedin elementor-repeater-item-76bd33c\" href=\"https:\/\/www.linkedin.com\/in\/juri-haverinen-a4b60b5\/\" target=\"_blank\">\n\t\t\t\t\t\t<span class=\"elementor-screen-only\">Linkedin<\/span>\n\t\t\t\t\t\t<i class=\"fab fa-linkedin\"><\/i>\t\t\t\t\t<\/a>\n\t\t\t\t<\/span>\n\t\t\t\t\t\t\t<span class=\"elementor-grid-item\">\n\t\t\t\t\t<a class=\"elementor-icon elementor-social-icon elementor-social-icon-twitter elementor-repeater-item-699b1f7\" href=\"https:\/\/twitter.com\/jurihaverinen\" target=\"_blank\">\n\t\t\t\t\t\t<span class=\"elementor-screen-only\">Twitter<\/span>\n\t\t\t\t\t\t<i class=\"fab fa-twitter\"><\/i>\t\t\t\t\t<\/a>\n\t\t\t\t<\/span>\n\t\t\t\t\t<\/div>\n\t\t\t\t<\/div>\n\t\t\t\t<\/div>\n\t\t\t\t\t<\/div>\n\t\t<\/div>\n\t\t\t\t\t<\/div>\n\t\t<\/section>\n\t\t\t\t<\/div>","protected":false},"excerpt":{"rendered":"<p>JURI HAVERINEN EXECUTIVE COACH Olen ulosp\u00e4insuuntautunut ihmisten innostaja ja haastaja. Koen t\u00e4rke\u00e4ksi saada olla mukana tekem\u00e4ss\u00e4 merkityksellisi\u00e4 asioita. Toisinaan huomaan itsess\u00e4ni hieman filosofin \u201cvikaa\u201d, sill\u00e4 pid\u00e4n merkitysten hakemista, asioiden syv\u00e4llisemp\u00e4\u00e4 pohdintaa ja kyseenalaistamista yhten\u00e4 kehittymisen t\u00e4rkeimmist\u00e4 tekij\u00f6ist\u00e4. Vanhat totutut toimintatavat on syyt\u00e4 tuntea, mutta niihin ei voi m\u00e4\u00e4r\u00e4tt\u00f6m\u00e4sti nojata. Historia ja teoriat on tunnettava, mutta [&hellip;]<\/p>","protected":false},"author":1,"featured_media":1731,"parent":0,"menu_order":0,"comment_status":"closed","ping_status":"closed","template":"elementor_header_footer","meta":{"footnotes":""},"class_list":["post-636","page","type-page","status-publish","has-post-thumbnail","hentry"],"yoast_head":"<!-- This site is optimized with the Yoast SEO plugin v23.1 - https:\/\/yoast.com\/wordpress\/plugins\/seo\/ -->\n<title>Juri Haverinen | Executive Coach<\/title>\n<meta name=\"description\" content=\"Tulosta ei voi johtaa \u2013 ainoastaan ihmisi\u00e4 ja toimintaa. Siksi tulee keskitty\u00e4 ihmisiin ja heid\u00e4n toimintaan. Rakennamme kanssasi...\" \/>\n<meta name=\"robots\" content=\"index, follow, max-snippet:-1, max-image-preview:large, max-video-preview:-1\" \/>\n<link rel=\"canonical\" href=\"https:\/\/humanpotential.fi\/en\/juri-haverinen\/\" \/>\n<meta property=\"og:locale\" content=\"en_GB\" \/>\n<meta property=\"og:type\" content=\"article\" \/>\n<meta property=\"og:title\" content=\"Juri Haverinen | Executive Coach\" \/>\n<meta property=\"og:description\" content=\"Tulosta ei voi johtaa \u2013 ainoastaan ihmisi\u00e4 ja toimintaa. Siksi tulee keskitty\u00e4 ihmisiin ja heid\u00e4n toimintaan. Rakennamme kanssasi...\" \/>\n<meta property=\"og:url\" content=\"https:\/\/humanpotential.fi\/en\/juri-haverinen\/\" \/>\n<meta property=\"og:site_name\" content=\"H.U.M.A.N.\" \/>\n<meta property=\"article:modified_time\" content=\"2023-03-22T13:18:03+00:00\" \/>\n<meta property=\"og:image\" content=\"https:\/\/humanpotential.fi\/wp-content\/uploads\/2023\/03\/Ave-Group-Oy-4397-scaled.jpg\" \/>\n\t<meta property=\"og:image:width\" content=\"2560\" \/>\n\t<meta property=\"og:image:height\" content=\"1708\" \/>\n\t<meta property=\"og:image:type\" content=\"image\/jpeg\" \/>\n<meta name=\"twitter:card\" content=\"summary_large_image\" \/>\n<meta name=\"twitter:label1\" content=\"Estimated reading time\" \/>\n\t<meta name=\"twitter:data1\" content=\"3 minutes\" \/>\n<script type=\"application\/ld+json\" class=\"yoast-schema-graph\">{\"@context\":\"https:\/\/schema.org\",\"@graph\":[{\"@type\":\"WebPage\",\"@id\":\"https:\/\/humanpotential.fi\/juri-haverinen\/\",\"url\":\"https:\/\/humanpotential.fi\/juri-haverinen\/\",\"name\":\"Juri Haverinen | Executive Coach\",\"isPartOf\":{\"@id\":\"https:\/\/humanpotential.fi\/#website\"},\"primaryImageOfPage\":{\"@id\":\"https:\/\/humanpotential.fi\/juri-haverinen\/#primaryimage\"},\"image\":{\"@id\":\"https:\/\/humanpotential.fi\/juri-haverinen\/#primaryimage\"},\"thumbnailUrl\":\"https:\/\/humanpotential.fi\/wp-content\/uploads\/2023\/03\/Ave-Group-Oy-4397-scaled.jpg\",\"datePublished\":\"2023-02-15T06:53:59+00:00\",\"dateModified\":\"2023-03-22T13:18:03+00:00\",\"description\":\"Tulosta ei voi johtaa \u2013 ainoastaan ihmisi\u00e4 ja toimintaa. Siksi tulee keskitty\u00e4 ihmisiin ja heid\u00e4n toimintaan. Rakennamme kanssasi...\",\"breadcrumb\":{\"@id\":\"https:\/\/humanpotential.fi\/juri-haverinen\/#breadcrumb\"},\"inLanguage\":\"en-GB\",\"potentialAction\":[{\"@type\":\"ReadAction\",\"target\":[\"https:\/\/humanpotential.fi\/juri-haverinen\/\"]}]},{\"@type\":\"ImageObject\",\"inLanguage\":\"en-GB\",\"@id\":\"https:\/\/humanpotential.fi\/juri-haverinen\/#primaryimage\",\"url\":\"https:\/\/humanpotential.fi\/wp-content\/uploads\/2023\/03\/Ave-Group-Oy-4397-scaled.jpg\",\"contentUrl\":\"https:\/\/humanpotential.fi\/wp-content\/uploads\/2023\/03\/Ave-Group-Oy-4397-scaled.jpg\",\"width\":2560,\"height\":1708},{\"@type\":\"BreadcrumbList\",\"@id\":\"https:\/\/humanpotential.fi\/juri-haverinen\/#breadcrumb\",\"itemListElement\":[{\"@type\":\"ListItem\",\"position\":1,\"name\":\"Etusivu\",\"item\":\"https:\/\/humanpotential.fi\/\"},{\"@type\":\"ListItem\",\"position\":2,\"name\":\"Juri Haverinen\"}]},{\"@type\":\"WebSite\",\"@id\":\"https:\/\/humanpotential.fi\/#website\",\"url\":\"https:\/\/humanpotential.fi\/\",\"name\":\"H.U.M.A.N.\",\"description\":\"\",\"potentialAction\":[{\"@type\":\"SearchAction\",\"target\":{\"@type\":\"EntryPoint\",\"urlTemplate\":\"https:\/\/humanpotential.fi\/?s={search_term_string}\"},\"query-input\":\"required name=search_term_string\"}],\"inLanguage\":\"en-GB\"}]}<\/script>\n<!-- \/ Yoast SEO plugin. -->","yoast_head_json":{"title":"Juri Haverinen | Executive Coach","description":"Tulosta ei voi johtaa \u2013 ainoastaan ihmisi\u00e4 ja toimintaa. Siksi tulee keskitty\u00e4 ihmisiin ja heid\u00e4n toimintaan. Rakennamme kanssasi...","robots":{"index":"index","follow":"follow","max-snippet":"max-snippet:-1","max-image-preview":"max-image-preview:large","max-video-preview":"max-video-preview:-1"},"canonical":"https:\/\/humanpotential.fi\/en\/juri-haverinen\/","og_locale":"en_GB","og_type":"article","og_title":"Juri Haverinen | Executive Coach","og_description":"Tulosta ei voi johtaa \u2013 ainoastaan ihmisi\u00e4 ja toimintaa. Siksi tulee keskitty\u00e4 ihmisiin ja heid\u00e4n toimintaan. Rakennamme kanssasi...","og_url":"https:\/\/humanpotential.fi\/en\/juri-haverinen\/","og_site_name":"H.U.M.A.N.","article_modified_time":"2023-03-22T13:18:03+00:00","og_image":[{"width":2560,"height":1708,"url":"https:\/\/humanpotential.fi\/wp-content\/uploads\/2023\/03\/Ave-Group-Oy-4397-scaled.jpg","type":"image\/jpeg"}],"twitter_card":"summary_large_image","twitter_misc":{"Estimated reading time":"3 minutes"},"schema":{"@context":"https:\/\/schema.org","@graph":[{"@type":"WebPage","@id":"https:\/\/humanpotential.fi\/juri-haverinen\/","url":"https:\/\/humanpotential.fi\/juri-haverinen\/","name":"Juri Haverinen | Executive Coach","isPartOf":{"@id":"https:\/\/humanpotential.fi\/#website"},"primaryImageOfPage":{"@id":"https:\/\/humanpotential.fi\/juri-haverinen\/#primaryimage"},"image":{"@id":"https:\/\/humanpotential.fi\/juri-haverinen\/#primaryimage"},"thumbnailUrl":"https:\/\/humanpotential.fi\/wp-content\/uploads\/2023\/03\/Ave-Group-Oy-4397-scaled.jpg","datePublished":"2023-02-15T06:53:59+00:00","dateModified":"2023-03-22T13:18:03+00:00","description":"Tulosta ei voi johtaa \u2013 ainoastaan ihmisi\u00e4 ja toimintaa. Siksi tulee keskitty\u00e4 ihmisiin ja heid\u00e4n toimintaan. Rakennamme kanssasi...","breadcrumb":{"@id":"https:\/\/humanpotential.fi\/juri-haverinen\/#breadcrumb"},"inLanguage":"en-GB","potentialAction":[{"@type":"ReadAction","target":["https:\/\/humanpotential.fi\/juri-haverinen\/"]}]},{"@type":"ImageObject","inLanguage":"en-GB","@id":"https:\/\/humanpotential.fi\/juri-haverinen\/#primaryimage","url":"https:\/\/humanpotential.fi\/wp-content\/uploads\/2023\/03\/Ave-Group-Oy-4397-scaled.jpg","contentUrl":"https:\/\/humanpotential.fi\/wp-content\/uploads\/2023\/03\/Ave-Group-Oy-4397-scaled.jpg","width":2560,"height":1708},{"@type":"BreadcrumbList","@id":"https:\/\/humanpotential.fi\/juri-haverinen\/#breadcrumb","itemListElement":[{"@type":"ListItem","position":1,"name":"Etusivu","item":"https:\/\/humanpotential.fi\/"},{"@type":"ListItem","position":2,"name":"Juri Haverinen"}]},{"@type":"WebSite","@id":"https:\/\/humanpotential.fi\/#website","url":"https:\/\/humanpotential.fi\/","name":"H.U.M.A.N.","description":"","potentialAction":[{"@type":"SearchAction","target":{"@type":"EntryPoint","urlTemplate":"https:\/\/humanpotential.fi\/?s={search_term_string}"},"query-input":"required name=search_term_string"}],"inLanguage":"en-GB"}]}},"_links":{"self":[{"href":"https:\/\/humanpotential.fi\/en\/wp-json\/wp\/v2\/pages\/636","targetHints":{"allow":["GET"]}}],"collection":[{"href":"https:\/\/humanpotential.fi\/en\/wp-json\/wp\/v2\/pages"}],"about":[{"href":"https:\/\/humanpotential.fi\/en\/wp-json\/wp\/v2\/types\/page"}],"author":[{"embeddable":true,"href":"https:\/\/humanpotential.fi\/en\/wp-json\/wp\/v2\/users\/1"}],"replies":[{"embeddable":true,"href":"https:\/\/humanpotential.fi\/en\/wp-json\/wp\/v2\/comments?post=636"}],"version-history":[{"count":44,"href":"https:\/\/humanpotential.fi\/en\/wp-json\/wp\/v2\/pages\/636\/revisions"}],"predecessor-version":[{"id":3169,"href":"https:\/\/humanpotential.fi\/en\/wp-json\/wp\/v2\/pages\/636\/revisions\/3169"}],"wp:featuredmedia":[{"embeddable":true,"href":"https:\/\/humanpotential.fi\/en\/wp-json\/wp\/v2\/media\/1731"}],"wp:attachment":[{"href":"https:\/\/humanpotential.fi\/en\/wp-json\/wp\/v2\/media?parent=636"}],"curies":[{"name":"wp","href":"https:\/\/api.w.org\/{rel}","templated":true}]}}