{"id":3285,"date":"2023-03-29T11:39:25","date_gmt":"2023-03-29T11:39:25","guid":{"rendered":"https:\/\/humanpotential.fi\/?page_id=3285"},"modified":"2023-04-20T11:21:25","modified_gmt":"2023-04-20T11:21:25","slug":"webinaari","status":"publish","type":"page","link":"https:\/\/humanpotential.fi\/en\/webinaari\/","title":{"rendered":"Webinaari"},"content":{"rendered":"<div data-elementor-type=\"wp-page\" data-elementor-id=\"3285\" class=\"elementor elementor-3285\">\n\t\t\t\t\t\t<section class=\"elementor-section elementor-top-section elementor-element elementor-element-c44b12d elementor-section-height-min-height elementor-section-boxed elementor-section-height-default elementor-section-items-middle\" data-id=\"c44b12d\" data-element_type=\"section\" data-settings=\"{&quot;background_background&quot;:&quot;classic&quot;}\">\n\t\t\t\t\t\t\t<div class=\"elementor-background-overlay\"><\/div>\n\t\t\t\t\t\t\t<div class=\"elementor-container elementor-column-gap-default\">\n\t\t\t\t\t<div class=\"elementor-column elementor-col-100 elementor-top-column elementor-element elementor-element-0e2d613\" data-id=\"0e2d613\" data-element_type=\"column\">\n\t\t\t<div class=\"elementor-widget-wrap elementor-element-populated\">\n\t\t\t\t\t\t<div class=\"elementor-element elementor-element-1c42f69 elementor-widget elementor-widget-image\" data-id=\"1c42f69\" data-element_type=\"widget\" data-widget_type=\"image.default\">\n\t\t\t\t<div class=\"elementor-widget-container\">\n\t\t\t<style>\/*! elementor - v3.23.0 - 25-07-2024 *\/\n.elementor-widget-image{text-align:center}.elementor-widget-image a{display:inline-block}.elementor-widget-image a img[src$=\".svg\"]{width:48px}.elementor-widget-image img{vertical-align:middle;display:inline-block}<\/style>\t\t\t\t\t\t\t\t\t\t<img fetchpriority=\"high\" decoding=\"async\" width=\"485\" height=\"123\" src=\"https:\/\/humanpotential.fi\/wp-content\/uploads\/2023\/03\/human-logo.png\" class=\"attachment-large size-large wp-image-1425\" alt=\"\" srcset=\"https:\/\/humanpotential.fi\/wp-content\/uploads\/2023\/03\/human-logo.png 485w, https:\/\/humanpotential.fi\/wp-content\/uploads\/2023\/03\/human-logo-300x76.png 300w\" sizes=\"(max-width: 485px) 100vw, 485px\" \/>\t\t\t\t\t\t\t\t\t\t\t\t\t<\/div>\n\t\t\t\t<\/div>\n\t\t\t\t<section class=\"elementor-section elementor-inner-section elementor-element elementor-element-19dd182 elementor-section-boxed elementor-section-height-default elementor-section-height-default\" data-id=\"19dd182\" data-element_type=\"section\">\n\t\t\t\t\t\t<div class=\"elementor-container elementor-column-gap-default\">\n\t\t\t\t\t<div class=\"elementor-column elementor-col-50 elementor-inner-column elementor-element elementor-element-a8c3218\" data-id=\"a8c3218\" data-element_type=\"column\">\n\t\t\t<div class=\"elementor-widget-wrap elementor-element-populated\">\n\t\t\t\t\t\t<div class=\"elementor-element elementor-element-dc68a24 elementor-widget elementor-widget-heading\" data-id=\"dc68a24\" data-element_type=\"widget\" data-settings=\"{&quot;_animation&quot;:&quot;none&quot;}\" data-widget_type=\"heading.default\">\n\t\t\t\t<div class=\"elementor-widget-container\">\n\t\t\t<style>\/*! elementor - v3.23.0 - 25-07-2024 *\/\n.elementor-heading-title{padding:0;margin:0;line-height:1}.elementor-widget-heading .elementor-heading-title[class*=elementor-size-]>a{color:inherit;font-size:inherit;line-height:inherit}.elementor-widget-heading .elementor-heading-title.elementor-size-small{font-size:15px}.elementor-widget-heading .elementor-heading-title.elementor-size-medium{font-size:19px}.elementor-widget-heading .elementor-heading-title.elementor-size-large{font-size:29px}.elementor-widget-heading .elementor-heading-title.elementor-size-xl{font-size:39px}.elementor-widget-heading .elementor-heading-title.elementor-size-xxl{font-size:59px}<\/style><h2 class=\"elementor-heading-title elementor-size-default\">N\u00e4in rakennat voittavan joukkueen!<\/h2>\t\t<\/div>\n\t\t\t\t<\/div>\n\t\t\t\t<div class=\"elementor-element elementor-element-3880e37 elementor-widget elementor-widget-video\" data-id=\"3880e37\" data-element_type=\"widget\" data-settings=\"{&quot;video_type&quot;:&quot;hosted&quot;,&quot;controls&quot;:&quot;yes&quot;}\" data-widget_type=\"video.default\">\n\t\t\t\t<div class=\"elementor-widget-container\">\n\t\t\t<style>\/*! elementor - v3.23.0 - 25-07-2024 *\/\n.elementor-widget-video .elementor-widget-container{overflow:hidden;transform:translateZ(0)}.elementor-widget-video .elementor-wrapper{aspect-ratio:var(--video-aspect-ratio)}.elementor-widget-video .elementor-wrapper iframe,.elementor-widget-video .elementor-wrapper video{height:100%;width:100%;display:flex;border:none;background-color:#000}@supports not (aspect-ratio:1\/1){.elementor-widget-video .elementor-wrapper{position:relative;overflow:hidden;height:0;padding-bottom:calc(100% \/ var(--video-aspect-ratio))}.elementor-widget-video .elementor-wrapper iframe,.elementor-widget-video .elementor-wrapper video{position:absolute;top:0;right:0;bottom:0;left:0}}.elementor-widget-video .elementor-open-inline .elementor-custom-embed-image-overlay{position:absolute;top:0;right:0;bottom:0;left:0;background-size:cover;background-position:50%}.elementor-widget-video .elementor-custom-embed-image-overlay{cursor:pointer;text-align:center}.elementor-widget-video .elementor-custom-embed-image-overlay:hover .elementor-custom-embed-play i{opacity:1}.elementor-widget-video .elementor-custom-embed-image-overlay img{display:block;width:100%;aspect-ratio:var(--video-aspect-ratio);-o-object-fit:cover;object-fit:cover;-o-object-position:center center;object-position:center center}@supports not (aspect-ratio:1\/1){.elementor-widget-video .elementor-custom-embed-image-overlay{position:relative;overflow:hidden;height:0;padding-bottom:calc(100% \/ var(--video-aspect-ratio))}.elementor-widget-video .elementor-custom-embed-image-overlay img{position:absolute;top:0;right:0;bottom:0;left:0}}.elementor-widget-video .e-hosted-video .elementor-video{-o-object-fit:cover;object-fit:cover}.e-con-inner>.elementor-widget-video,.e-con>.elementor-widget-video{width:var(--container-widget-width);--flex-grow:var(--container-widget-flex-grow)}<\/style>\t\t<div class=\"e-hosted-video elementor-wrapper elementor-open-inline\">\n\t\t\t\t\t<video class=\"elementor-video\" src=\"https:\/\/humanpotential.fi\/wp-content\/uploads\/2023\/03\/LPv1.mp4\" controls=\"\" preload=\"metadata\" controlslist=\"nodownload\"><\/video>\n\t\t\t\t<\/div>\n\t\t\t\t<\/div>\n\t\t\t\t<\/div>\n\t\t\t\t\t<\/div>\n\t\t<\/div>\n\t\t\t\t<div class=\"elementor-column elementor-col-50 elementor-inner-column elementor-element elementor-element-f94e784\" data-id=\"f94e784\" data-element_type=\"column\">\n\t\t\t<div class=\"elementor-widget-wrap elementor-element-populated\">\n\t\t\t\t\t\t<div class=\"elementor-element elementor-element-d384bc9 elementor-widget elementor-widget-html\" data-id=\"d384bc9\" data-element_type=\"widget\" data-widget_type=\"html.default\">\n\t\t\t\t<div class=\"elementor-widget-container\">\n\t\t\t<div class=\"wj-embed-wrapper\" data-webinar-hash=\"7y202cm\">\n<script src=\"https:\/\/event.webinarjam.com\/register\/7y202cm\/embed-form?formButtonText=Register&formAccentColor=%23E6893C&formAccentOpacity=1&formBgColor=%23000000&formBgOpacity=0.42\"><\/script>\n<\/div>\t\t<\/div>\n\t\t\t\t<\/div>\n\t\t\t\t\t<\/div>\n\t\t<\/div>\n\t\t\t\t\t<\/div>\n\t\t<\/section>\n\t\t\t\t\t<\/div>\n\t\t<\/div>\n\t\t\t\t\t<\/div>\n\t\t<\/section>\n\t\t\t\t<\/div>","protected":false},"excerpt":{"rendered":"<p>N\u00e4in rakennat voittavan joukkueen! https:\/\/humanpotential.fi\/wp-content\/uploads\/2023\/03\/LPv1.mp4<\/p>","protected":false},"author":1,"featured_media":2184,"parent":0,"menu_order":0,"comment_status":"closed","ping_status":"closed","template":"elementor_canvas","meta":{"footnotes":""},"class_list":["post-3285","page","type-page","status-publish","has-post-thumbnail","hentry"],"yoast_head":"<!-- This site is optimized with the Yoast SEO plugin v23.1 - https:\/\/yoast.com\/wordpress\/plugins\/seo\/ -->\n<title>Ilmottaudu webinaariin | H.U.M.A.N.<\/title>\n<meta name=\"description\" content=\"Tulosta ei voi johtaa \u2013 ainoastaan ihmisi\u00e4 ja toimintaa. Siksi tulee keskitty\u00e4 ihmisiin ja heid\u00e4n toimintaan. Ilmottaudu webinaariin.\" \/>\n<meta name=\"robots\" content=\"index, follow, max-snippet:-1, max-image-preview:large, max-video-preview:-1\" \/>\n<link rel=\"canonical\" href=\"https:\/\/humanpotential.fi\/en\/webinaari\/\" \/>\n<meta property=\"og:locale\" content=\"en_GB\" \/>\n<meta property=\"og:type\" content=\"article\" \/>\n<meta property=\"og:title\" content=\"Ilmottaudu webinaariin | H.U.M.A.N.\" \/>\n<meta property=\"og:description\" content=\"Tulosta ei voi johtaa \u2013 ainoastaan ihmisi\u00e4 ja toimintaa. Siksi tulee keskitty\u00e4 ihmisiin ja heid\u00e4n toimintaan. Ilmottaudu webinaariin.\" \/>\n<meta property=\"og:url\" content=\"https:\/\/humanpotential.fi\/en\/webinaari\/\" \/>\n<meta property=\"og:site_name\" content=\"H.U.M.A.N.\" \/>\n<meta property=\"article:modified_time\" content=\"2023-04-20T11:21:25+00:00\" \/>\n<meta property=\"og:image\" content=\"https:\/\/humanpotential.fi\/wp-content\/uploads\/2023\/03\/IMG_5790.jpg\" \/>\n\t<meta property=\"og:image:width\" content=\"1920\" \/>\n\t<meta property=\"og:image:height\" content=\"1280\" \/>\n\t<meta property=\"og:image:type\" content=\"image\/jpeg\" \/>\n<meta name=\"twitter:card\" content=\"summary_large_image\" \/>\n<meta name=\"twitter:label1\" content=\"Estimated reading time\" \/>\n\t<meta name=\"twitter:data1\" content=\"1 minute\" \/>\n<script type=\"application\/ld+json\" class=\"yoast-schema-graph\">{\"@context\":\"https:\/\/schema.org\",\"@graph\":[{\"@type\":\"WebPage\",\"@id\":\"https:\/\/humanpotential.fi\/webinaari\/\",\"url\":\"https:\/\/humanpotential.fi\/webinaari\/\",\"name\":\"Ilmottaudu webinaariin | H.U.M.A.N.\",\"isPartOf\":{\"@id\":\"https:\/\/humanpotential.fi\/#website\"},\"primaryImageOfPage\":{\"@id\":\"https:\/\/humanpotential.fi\/webinaari\/#primaryimage\"},\"image\":{\"@id\":\"https:\/\/humanpotential.fi\/webinaari\/#primaryimage\"},\"thumbnailUrl\":\"https:\/\/humanpotential.fi\/wp-content\/uploads\/2023\/03\/IMG_5790.jpg\",\"datePublished\":\"2023-03-29T11:39:25+00:00\",\"dateModified\":\"2023-04-20T11:21:25+00:00\",\"description\":\"Tulosta ei voi johtaa \u2013 ainoastaan ihmisi\u00e4 ja toimintaa. Siksi tulee keskitty\u00e4 ihmisiin ja heid\u00e4n toimintaan. Ilmottaudu webinaariin.\",\"breadcrumb\":{\"@id\":\"https:\/\/humanpotential.fi\/webinaari\/#breadcrumb\"},\"inLanguage\":\"en-GB\",\"potentialAction\":[{\"@type\":\"ReadAction\",\"target\":[\"https:\/\/humanpotential.fi\/webinaari\/\"]}]},{\"@type\":\"ImageObject\",\"inLanguage\":\"en-GB\",\"@id\":\"https:\/\/humanpotential.fi\/webinaari\/#primaryimage\",\"url\":\"https:\/\/humanpotential.fi\/wp-content\/uploads\/2023\/03\/IMG_5790.jpg\",\"contentUrl\":\"https:\/\/humanpotential.fi\/wp-content\/uploads\/2023\/03\/IMG_5790.jpg\",\"width\":1920,\"height\":1280},{\"@type\":\"BreadcrumbList\",\"@id\":\"https:\/\/humanpotential.fi\/webinaari\/#breadcrumb\",\"itemListElement\":[{\"@type\":\"ListItem\",\"position\":1,\"name\":\"Etusivu\",\"item\":\"https:\/\/humanpotential.fi\/\"},{\"@type\":\"ListItem\",\"position\":2,\"name\":\"Webinaari\"}]},{\"@type\":\"WebSite\",\"@id\":\"https:\/\/humanpotential.fi\/#website\",\"url\":\"https:\/\/humanpotential.fi\/\",\"name\":\"H.U.M.A.N.\",\"description\":\"\",\"potentialAction\":[{\"@type\":\"SearchAction\",\"target\":{\"@type\":\"EntryPoint\",\"urlTemplate\":\"https:\/\/humanpotential.fi\/?s={search_term_string}\"},\"query-input\":\"required name=search_term_string\"}],\"inLanguage\":\"en-GB\"}]}<\/script>\n<!-- \/ Yoast SEO plugin. -->","yoast_head_json":{"title":"Ilmottaudu webinaariin | H.U.M.A.N.","description":"Tulosta ei voi johtaa \u2013 ainoastaan ihmisi\u00e4 ja toimintaa. Siksi tulee keskitty\u00e4 ihmisiin ja heid\u00e4n toimintaan. Ilmottaudu webinaariin.","robots":{"index":"index","follow":"follow","max-snippet":"max-snippet:-1","max-image-preview":"max-image-preview:large","max-video-preview":"max-video-preview:-1"},"canonical":"https:\/\/humanpotential.fi\/en\/webinaari\/","og_locale":"en_GB","og_type":"article","og_title":"Ilmottaudu webinaariin | H.U.M.A.N.","og_description":"Tulosta ei voi johtaa \u2013 ainoastaan ihmisi\u00e4 ja toimintaa. Siksi tulee keskitty\u00e4 ihmisiin ja heid\u00e4n toimintaan. Ilmottaudu webinaariin.","og_url":"https:\/\/humanpotential.fi\/en\/webinaari\/","og_site_name":"H.U.M.A.N.","article_modified_time":"2023-04-20T11:21:25+00:00","og_image":[{"width":1920,"height":1280,"url":"https:\/\/humanpotential.fi\/wp-content\/uploads\/2023\/03\/IMG_5790.jpg","type":"image\/jpeg"}],"twitter_card":"summary_large_image","twitter_misc":{"Estimated reading time":"1 minute"},"schema":{"@context":"https:\/\/schema.org","@graph":[{"@type":"WebPage","@id":"https:\/\/humanpotential.fi\/webinaari\/","url":"https:\/\/humanpotential.fi\/webinaari\/","name":"Ilmottaudu webinaariin | H.U.M.A.N.","isPartOf":{"@id":"https:\/\/humanpotential.fi\/#website"},"primaryImageOfPage":{"@id":"https:\/\/humanpotential.fi\/webinaari\/#primaryimage"},"image":{"@id":"https:\/\/humanpotential.fi\/webinaari\/#primaryimage"},"thumbnailUrl":"https:\/\/humanpotential.fi\/wp-content\/uploads\/2023\/03\/IMG_5790.jpg","datePublished":"2023-03-29T11:39:25+00:00","dateModified":"2023-04-20T11:21:25+00:00","description":"Tulosta ei voi johtaa \u2013 ainoastaan ihmisi\u00e4 ja toimintaa. Siksi tulee keskitty\u00e4 ihmisiin ja heid\u00e4n toimintaan. Ilmottaudu webinaariin.","breadcrumb":{"@id":"https:\/\/humanpotential.fi\/webinaari\/#breadcrumb"},"inLanguage":"en-GB","potentialAction":[{"@type":"ReadAction","target":["https:\/\/humanpotential.fi\/webinaari\/"]}]},{"@type":"ImageObject","inLanguage":"en-GB","@id":"https:\/\/humanpotential.fi\/webinaari\/#primaryimage","url":"https:\/\/humanpotential.fi\/wp-content\/uploads\/2023\/03\/IMG_5790.jpg","contentUrl":"https:\/\/humanpotential.fi\/wp-content\/uploads\/2023\/03\/IMG_5790.jpg","width":1920,"height":1280},{"@type":"BreadcrumbList","@id":"https:\/\/humanpotential.fi\/webinaari\/#breadcrumb","itemListElement":[{"@type":"ListItem","position":1,"name":"Etusivu","item":"https:\/\/humanpotential.fi\/"},{"@type":"ListItem","position":2,"name":"Webinaari"}]},{"@type":"WebSite","@id":"https:\/\/humanpotential.fi\/#website","url":"https:\/\/humanpotential.fi\/","name":"H.U.M.A.N.","description":"","potentialAction":[{"@type":"SearchAction","target":{"@type":"EntryPoint","urlTemplate":"https:\/\/humanpotential.fi\/?s={search_term_string}"},"query-input":"required name=search_term_string"}],"inLanguage":"en-GB"}]}},"_links":{"self":[{"href":"https:\/\/humanpotential.fi\/en\/wp-json\/wp\/v2\/pages\/3285","targetHints":{"allow":["GET"]}}],"collection":[{"href":"https:\/\/humanpotential.fi\/en\/wp-json\/wp\/v2\/pages"}],"about":[{"href":"https:\/\/humanpotential.fi\/en\/wp-json\/wp\/v2\/types\/page"}],"author":[{"embeddable":true,"href":"https:\/\/humanpotential.fi\/en\/wp-json\/wp\/v2\/users\/1"}],"replies":[{"embeddable":true,"href":"https:\/\/humanpotential.fi\/en\/wp-json\/wp\/v2\/comments?post=3285"}],"version-history":[{"count":83,"href":"https:\/\/humanpotential.fi\/en\/wp-json\/wp\/v2\/pages\/3285\/revisions"}],"predecessor-version":[{"id":3414,"href":"https:\/\/humanpotential.fi\/en\/wp-json\/wp\/v2\/pages\/3285\/revisions\/3414"}],"wp:featuredmedia":[{"embeddable":true,"href":"https:\/\/humanpotential.fi\/en\/wp-json\/wp\/v2\/media\/2184"}],"wp:attachment":[{"href":"https:\/\/humanpotential.fi\/en\/wp-json\/wp\/v2\/media?parent=3285"}],"curies":[{"name":"wp","href":"https:\/\/api.w.org\/{rel}","templated":true}]}}